{"id":183,"date":"2025-05-15T12:11:00","date_gmt":"2025-05-15T12:11:00","guid":{"rendered":"http:\/\/optimiadigital.com\/?page_id=183"},"modified":"2025-10-30T23:37:43","modified_gmt":"2025-10-30T23:37:43","slug":"about","status":"publish","type":"page","link":"https:\/\/optimiadigital.com\/es\/about\/","title":{"rendered":"Nosotros"},"content":{"rendered":"<div data-elementor-type=\"wp-page\" data-elementor-id=\"183\" class=\"elementor elementor-183\" data-elementor-post-type=\"page\">\n\t\t\t\t<div class=\"elementor-element elementor-element-494eb97f e-flex e-con-boxed e-con e-parent\" data-id=\"494eb97f\" data-element_type=\"container\" data-e-type=\"container\" data-settings=\"{&quot;background_background&quot;:&quot;classic&quot;}\">\n\t\t\t\t\t<div class=\"e-con-inner\">\n\t\t<div class=\"elementor-element elementor-element-480851d e-flex e-con-boxed e-con e-child\" data-id=\"480851d\" data-element_type=\"container\" data-e-type=\"container\">\n\t\t\t\t\t<div class=\"e-con-inner\">\n\t\t\t\t<div class=\"elementor-element elementor-element-ce726ab elementor-widget elementor-widget-heading\" data-id=\"ce726ab\" data-element_type=\"widget\" data-e-type=\"widget\" data-widget_type=\"heading.default\">\n\t\t\t\t<div class=\"elementor-widget-container\">\n\t\t\t\t\t<h6 class=\"elementor-heading-title elementor-size-default\">NOSOTROS<\/h6>\t\t\t\t<\/div>\n\t\t\t\t<\/div>\n\t\t\t\t<div class=\"elementor-element elementor-element-03f0368 elementor-invisible elementor-widget elementor-widget-elementskit-heading\" data-id=\"03f0368\" data-element_type=\"widget\" data-e-type=\"widget\" data-settings=\"{&quot;_animation&quot;:&quot;fadeInUp&quot;}\" data-widget_type=\"elementskit-heading.default\">\n\t\t\t\t<div class=\"elementor-widget-container\">\n\t\t\t\t\t<div class=\"ekit-wid-con\" ><div class=\"ekit-heading elementskit-section-title-wraper text_center   ekit_heading_tablet-   ekit_heading_mobile-\"><h1 class=\"ekit-heading--title elementskit-section-title text_fill translation-block\">Donde La Estrategia Se Une A La Pasi\u00f3n\nY <span><span>Cada P\u00edxel<\/span><\/span> Genera Resultados<\/h1><\/div><\/div>\t\t\t\t<\/div>\n\t\t\t\t<\/div>\n\t\t\t\t\t<\/div>\n\t\t\t\t<\/div>\n\t\t\t\t\t<\/div>\n\t\t\t\t<\/div>\n\t\t<div class=\"elementor-element elementor-element-7dc5e0e4 e-flex e-con-boxed e-con e-parent\" data-id=\"7dc5e0e4\" data-element_type=\"container\" data-e-type=\"container\" data-settings=\"{&quot;background_background&quot;:&quot;classic&quot;}\">\n\t\t\t\t\t<div class=\"e-con-inner\">\n\t\t<div class=\"elementor-element elementor-element-180c002d e-con-full e-flex e-con e-child\" data-id=\"180c002d\" data-element_type=\"container\" data-e-type=\"container\">\n\t\t<div class=\"elementor-element elementor-element-405bc6cd e-flex e-con-boxed elementor-invisible e-con e-child\" data-id=\"405bc6cd\" data-element_type=\"container\" data-e-type=\"container\" data-settings=\"{&quot;background_background&quot;:&quot;classic&quot;,&quot;animation&quot;:&quot;fadeInLeft&quot;}\">\n\t\t\t\t\t<div class=\"e-con-inner\">\n\t\t\t\t<div class=\"elementor-element elementor-element-9fc3bda elementor-widget elementor-widget-heading\" data-id=\"9fc3bda\" data-element_type=\"widget\" data-e-type=\"widget\" data-widget_type=\"heading.default\">\n\t\t\t\t<div class=\"elementor-widget-container\">\n\t\t\t\t\t<h6 class=\"elementor-heading-title elementor-size-default\">NUESTRO VALOR<\/h6>\t\t\t\t<\/div>\n\t\t\t\t<\/div>\n\t\t\t\t<div class=\"elementor-element elementor-element-ed7e1a2 elementor-widget elementor-widget-icon-box\" data-id=\"ed7e1a2\" data-element_type=\"widget\" data-e-type=\"widget\" data-widget_type=\"icon-box.default\">\n\t\t\t\t<div class=\"elementor-widget-container\">\n\t\t\t\t\t\t\t<div class=\"elementor-icon-box-wrapper\">\n\n\t\t\t\n\t\t\t\t\t\t<div class=\"elementor-icon-box-content\">\n\n\t\t\t\t\t\t\t\t\t<h3 class=\"elementor-icon-box-title\">\n\t\t\t\t\t\t<span  >\n\t\t\t\t\t\t\tDise\u00f1o Respaldado por una Estrategia y Ejecutado con Esmero\t\t\t\t\t\t<\/span>\n\t\t\t\t\t<\/h3>\n\t\t\t\t\n\t\t\t\t\t\t\t\t\t<p class=\"elementor-icon-box-description\">\n\t\t\t\t\t\tCreemos que un gran dise\u00f1o no es solo una tarjeta de presentaci\u00f3n digital bonita, sino un motor eficaz para atraer clientes. Cada sitio web que creamos se basa en estrategias claras, funcionalidad inteligente, y atenci\u00f3n meticulosa que genera confianza. Nuestros clientes no reciben solo un sitio web, sino un aliado comprometido con su \u00e9xito.\t\t\t\t\t<\/p>\n\t\t\t\t\n\t\t\t<\/div>\n\t\t\t\n\t\t<\/div>\n\t\t\t\t\t\t<\/div>\n\t\t\t\t<\/div>\n\t\t\t\t\t<\/div>\n\t\t\t\t<\/div>\n\t\t\t\t<\/div>\n\t\t<div class=\"elementor-element elementor-element-1bc1cc5f e-grid e-con-full e-con e-child\" data-id=\"1bc1cc5f\" data-element_type=\"container\" data-e-type=\"container\">\n\t\t<div class=\"elementor-element elementor-element-56336eab e-flex e-con-boxed elementor-invisible e-con e-child\" data-id=\"56336eab\" data-element_type=\"container\" data-e-type=\"container\" data-settings=\"{&quot;background_background&quot;:&quot;classic&quot;,&quot;animation&quot;:&quot;fadeInDown&quot;}\">\n\t\t\t\t\t<div class=\"e-con-inner\">\n\t\t\t\t<div class=\"elementor-element elementor-element-1b877756 elementor-widget elementor-widget-heading\" data-id=\"1b877756\" data-element_type=\"widget\" data-e-type=\"widget\" data-widget_type=\"heading.default\">\n\t\t\t\t<div class=\"elementor-widget-container\">\n\t\t\t\t\t<h6 class=\"elementor-heading-title elementor-size-default\">NUESTRA VISI\u00d3N<\/h6>\t\t\t\t<\/div>\n\t\t\t\t<\/div>\n\t\t\t\t<div class=\"elementor-element elementor-element-4aeff991 elementor-widget elementor-widget-icon-box\" data-id=\"4aeff991\" data-element_type=\"widget\" data-e-type=\"widget\" data-widget_type=\"icon-box.default\">\n\t\t\t\t<div class=\"elementor-widget-container\">\n\t\t\t\t\t\t\t<div class=\"elementor-icon-box-wrapper\">\n\n\t\t\t\n\t\t\t\t\t\t<div class=\"elementor-icon-box-content\">\n\n\t\t\t\t\t\t\t\t\t<div class=\"elementor-icon-box-title\">\n\t\t\t\t\t\t<span  >\n\t\t\t\t\t\t\tIgualando Oportunidades Para Negocios Y Consultorios Especializados\t\t\t\t\t\t<\/span>\n\t\t\t\t\t<\/div>\n\t\t\t\t\n\t\t\t\t\t\t\t\t\t<p class=\"elementor-icon-box-description\">\n\t\t\t\t\t\tImaginamos un mundo donde todo profesional independiente, cl\u00ednica o negocio local pueda competir con las grandes cadenas, tanto en l\u00ednea como fuera de ella. Nuestro objetivo es equipar a peque\u00f1os y medianos negocios con sitios web de primer nivel y estrategias digitales poderosas para que puedan: Destacar su experiencia, conectar con clientes locales, y crecer con seguridad y sin l\u00edmites.\t\t\t\t\t<\/p>\n\t\t\t\t\n\t\t\t<\/div>\n\t\t\t\n\t\t<\/div>\n\t\t\t\t\t\t<\/div>\n\t\t\t\t<\/div>\n\t\t\t\t\t<\/div>\n\t\t\t\t<\/div>\n\t\t<div class=\"elementor-element elementor-element-63d41624 e-flex e-con-boxed elementor-invisible e-con e-child\" data-id=\"63d41624\" data-element_type=\"container\" data-e-type=\"container\" data-settings=\"{&quot;background_background&quot;:&quot;gradient&quot;,&quot;animation&quot;:&quot;fadeInUp&quot;}\">\n\t\t\t\t\t<div class=\"e-con-inner\">\n\t\t\t\t<div class=\"elementor-element elementor-element-60d54eee elementor-widget elementor-widget-heading\" data-id=\"60d54eee\" data-element_type=\"widget\" data-e-type=\"widget\" data-widget_type=\"heading.default\">\n\t\t\t\t<div class=\"elementor-widget-container\">\n\t\t\t\t\t<h6 class=\"elementor-heading-title elementor-size-default\">NUESTRA MISI\u00d3N<\/h6>\t\t\t\t<\/div>\n\t\t\t\t<\/div>\n\t\t\t\t<div class=\"elementor-element elementor-element-7ca64066 elementor-widget elementor-widget-icon-box\" data-id=\"7ca64066\" data-element_type=\"widget\" data-e-type=\"widget\" data-widget_type=\"icon-box.default\">\n\t\t\t\t<div class=\"elementor-widget-container\">\n\t\t\t\t\t\t\t<div class=\"elementor-icon-box-wrapper\">\n\n\t\t\t\n\t\t\t\t\t\t<div class=\"elementor-icon-box-content\">\n\n\t\t\t\t\t\t\t\t\t<div class=\"elementor-icon-box-title\">\n\t\t\t\t\t\t<span  >\n\t\t\t\t\t\t\tImpulsando Negocios Especializados En La Era Digital\n_\t\t\t\t\t\t<\/span>\n\t\t\t\t\t<\/div>\n\t\t\t\t\n\t\t\t\t\t\t\t\t\t<p class=\"elementor-icon-box-description\">\n\t\t\t\t\t\tTransformamos c\u00f3mo consultorios y negocios especializados se presentan en internet. Ofrecemos sitios web personalizados enfocados en conversiones, precios transparentes sin sorpresas, y soporte \u00e1gil cuando lo necesites para que t\u00fa puedas: Enfocarte en tus clientes, recibir m\u00e1s reservas, y hacer crecer tu negocio con prop\u00f3sito.\t\t\t\t\t<\/p>\n\t\t\t\t\n\t\t\t<\/div>\n\t\t\t\n\t\t<\/div>\n\t\t\t\t\t\t<\/div>\n\t\t\t\t<\/div>\n\t\t\t\t\t<\/div>\n\t\t\t\t<\/div>\n\t\t\t\t<\/div>\n\t\t\t\t\t<\/div>\n\t\t\t\t<\/div>\n\t\t<div class=\"elementor-element elementor-element-58a37423 e-flex e-con-boxed e-con e-parent\" data-id=\"58a37423\" data-element_type=\"container\" data-e-type=\"container\" data-settings=\"{&quot;background_background&quot;:&quot;classic&quot;}\">\n\t\t\t\t\t<div class=\"e-con-inner\">\n\t\t<div class=\"elementor-element elementor-element-57855e18 e-con-full e-flex elementor-invisible e-con e-child\" data-id=\"57855e18\" data-element_type=\"container\" data-e-type=\"container\" data-settings=\"{&quot;animation&quot;:&quot;fadeInLeft&quot;}\">\n\t\t\t\t<div class=\"elementor-element elementor-element-19f56a3 elementor-widget elementor-widget-heading\" data-id=\"19f56a3\" data-element_type=\"widget\" data-e-type=\"widget\" data-widget_type=\"heading.default\">\n\t\t\t\t<div class=\"elementor-widget-container\">\n\t\t\t\t\t<h5 class=\"elementor-heading-title elementor-size-default\">Del Aula a la Tecnolog\u00eda Creativa<\/h5>\t\t\t\t<\/div>\n\t\t\t\t<\/div>\n\t\t\t\t<div class=\"elementor-element elementor-element-4e5fb9ba elementor-widget elementor-widget-heading\" data-id=\"4e5fb9ba\" data-element_type=\"widget\" data-e-type=\"widget\" data-widget_type=\"heading.default\">\n\t\t\t\t<div class=\"elementor-widget-container\">\n\t\t\t\t\t<div class=\"elementor-heading-title elementor-size-default\">Hola, soy Jos\u00e9, el creador de Optimia Digital. Trabaj\u00e9 durante a\u00f1os como educador antes de adentrarme en el mundo de la tecnolog\u00eda y el dise\u00f1o. Este estudio se cre\u00f3 para ayudar a profesionales y empresas a crecer en l\u00ednea con claridad, estrategia y un trato personalizado. Creo en hacer un buen trabajo, construir relaciones honestas y lograr que cada proyecto sea lo m\u00e1s fluido y gratificante posible.<\/div>\t\t\t\t<\/div>\n\t\t\t\t<\/div>\n\t\t\t\t<\/div>\n\t\t<div class=\"elementor-element elementor-element-5e61eb82 e-con-full e-flex elementor-invisible e-con e-child\" data-id=\"5e61eb82\" data-element_type=\"container\" data-e-type=\"container\" data-settings=\"{&quot;animation&quot;:&quot;fadeInRight&quot;,&quot;background_background&quot;:&quot;classic&quot;}\">\n\t\t\t\t<div class=\"elementor-element elementor-element-30ab80e elementor-widget elementor-widget-image\" data-id=\"30ab80e\" data-element_type=\"widget\" data-e-type=\"widget\" data-widget_type=\"image.default\">\n\t\t\t\t<div class=\"elementor-widget-container\">\n\t\t\t\t\t\t\t\t\t\t\t\t\t\t\t<img fetchpriority=\"high\" decoding=\"async\" width=\"800\" height=\"800\" src=\"https:\/\/optimiadigital.com\/wp-content\/uploads\/2025\/06\/founder-optimia-digital-about-us.png\" class=\"attachment-full size-full wp-image-1095\" alt=\"Founder of Optimia Digital\" srcset=\"https:\/\/optimiadigital.com\/wp-content\/uploads\/2025\/06\/founder-optimia-digital-about-us.png 800w, https:\/\/optimiadigital.com\/wp-content\/uploads\/2025\/06\/founder-optimia-digital-about-us-300x300.png 300w, https:\/\/optimiadigital.com\/wp-content\/uploads\/2025\/06\/founder-optimia-digital-about-us-150x150.png 150w, https:\/\/optimiadigital.com\/wp-content\/uploads\/2025\/06\/founder-optimia-digital-about-us-768x768.png 768w, https:\/\/optimiadigital.com\/wp-content\/uploads\/2025\/06\/founder-optimia-digital-about-us-12x12.png 12w\" sizes=\"(max-width: 800px) 100vw, 800px\" \/>\t\t\t\t\t\t\t\t\t\t\t\t\t\t\t<\/div>\n\t\t\t\t<\/div>\n\t\t\t\t<\/div>\n\t\t\t\t\t<\/div>\n\t\t\t\t<\/div>\n\t\t<div class=\"elementor-element elementor-element-2a6d224 e-flex e-con-boxed e-con e-parent\" data-id=\"2a6d224\" data-element_type=\"container\" data-e-type=\"container\" data-settings=\"{&quot;background_background&quot;:&quot;classic&quot;}\">\n\t\t\t\t\t<div class=\"e-con-inner\">\n\t\t<div class=\"elementor-element elementor-element-31b24b8 e-con-full e-flex elementor-invisible e-con e-child\" data-id=\"31b24b8\" data-element_type=\"container\" data-e-type=\"container\" data-settings=\"{&quot;animation&quot;:&quot;fadeInLeft&quot;}\">\n\t\t\t\t<div class=\"elementor-element elementor-element-be416a0 elementor-widget elementor-widget-heading\" data-id=\"be416a0\" data-element_type=\"widget\" data-e-type=\"widget\" data-widget_type=\"heading.default\">\n\t\t\t\t<div class=\"elementor-widget-container\">\n\t\t\t\t\t<h5 class=\"elementor-heading-title elementor-size-default\">De la Formaci\u00f3n de Mentes a la Creaci\u00f3n de Marcas<\/h5>\t\t\t\t<\/div>\n\t\t\t\t<\/div>\n\t\t\t\t<div class=\"elementor-element elementor-element-601ffaa elementor-widget elementor-widget-heading\" data-id=\"601ffaa\" data-element_type=\"widget\" data-e-type=\"widget\" data-widget_type=\"heading.default\">\n\t\t\t\t<div class=\"elementor-widget-container\">\n\t\t\t\t\t<div class=\"elementor-heading-title elementor-size-default\">Soy Pavel, uno de los fundadores de Optimia Digital. Mi singular trayectoria como educador influye en mi enfoque hacia la tecnolog\u00eda y el dise\u00f1o. Creo en la colaboraci\u00f3n con profesionales y empresas para impulsar un crecimiento online estrat\u00e9gico y aut\u00e9ntico. Mi trabajo se basa en el compromiso de priorizar el bienestar de nuestros clientes, construyendo sobre la base de la confianza y garantizando que cada paso del proceso les resulte enriquecedor.<\/div>\t\t\t\t<\/div>\n\t\t\t\t<\/div>\n\t\t\t\t<\/div>\n\t\t<div class=\"elementor-element elementor-element-5592131 e-con-full e-flex elementor-invisible e-con e-child\" data-id=\"5592131\" data-element_type=\"container\" data-e-type=\"container\" data-settings=\"{&quot;animation&quot;:&quot;fadeInRight&quot;,&quot;background_background&quot;:&quot;classic&quot;}\">\n\t\t\t\t<div class=\"elementor-element elementor-element-a3acfb2 elementor-widget elementor-widget-image\" data-id=\"a3acfb2\" data-element_type=\"widget\" data-e-type=\"widget\" data-widget_type=\"image.default\">\n\t\t\t\t<div class=\"elementor-widget-container\">\n\t\t\t\t\t\t\t\t\t\t\t\t\t\t\t<img decoding=\"async\" width=\"800\" height=\"800\" src=\"https:\/\/optimiadigital.com\/wp-content\/uploads\/2025\/10\/Pavel-Transparent-Background-2.png\" class=\"attachment-full size-full wp-image-1407\" alt=\"co-founder pavel martinez\" srcset=\"https:\/\/optimiadigital.com\/wp-content\/uploads\/2025\/10\/Pavel-Transparent-Background-2.png 800w, https:\/\/optimiadigital.com\/wp-content\/uploads\/2025\/10\/Pavel-Transparent-Background-2-300x300.png 300w, https:\/\/optimiadigital.com\/wp-content\/uploads\/2025\/10\/Pavel-Transparent-Background-2-150x150.png 150w, https:\/\/optimiadigital.com\/wp-content\/uploads\/2025\/10\/Pavel-Transparent-Background-2-768x768.png 768w, https:\/\/optimiadigital.com\/wp-content\/uploads\/2025\/10\/Pavel-Transparent-Background-2-12x12.png 12w\" sizes=\"(max-width: 800px) 100vw, 800px\" \/>\t\t\t\t\t\t\t\t\t\t\t\t\t\t\t<\/div>\n\t\t\t\t<\/div>\n\t\t\t\t<\/div>\n\t\t\t\t\t<\/div>\n\t\t\t\t<\/div>\n\t\t\t\t<\/div>","protected":false},"excerpt":{"rendered":"<p>About Us Where Strategy Meets Heart &amp; Every Pixel Drives Results Our Value Design That&#8217;s Backed by Strategy and Delivered with Care We believe great design isn\u2019t just a beautiful digital business card, it\u2019s a purposeful client-attracting engine. Every website we create is rooted in clear strategy, smart functionality, and the kind of detail-oriented care [&hellip;]<\/p>","protected":false},"author":1,"featured_media":0,"parent":0,"menu_order":0,"comment_status":"closed","ping_status":"closed","template":"","meta":{"footnotes":""},"class_list":["post-183","page","type-page","status-publish","hentry"],"_links":{"self":[{"href":"https:\/\/optimiadigital.com\/es\/wp-json\/wp\/v2\/pages\/183","targetHints":{"allow":["GET"]}}],"collection":[{"href":"https:\/\/optimiadigital.com\/es\/wp-json\/wp\/v2\/pages"}],"about":[{"href":"https:\/\/optimiadigital.com\/es\/wp-json\/wp\/v2\/types\/page"}],"author":[{"embeddable":true,"href":"https:\/\/optimiadigital.com\/es\/wp-json\/wp\/v2\/users\/1"}],"replies":[{"embeddable":true,"href":"https:\/\/optimiadigital.com\/es\/wp-json\/wp\/v2\/comments?post=183"}],"version-history":[{"count":110,"href":"https:\/\/optimiadigital.com\/es\/wp-json\/wp\/v2\/pages\/183\/revisions"}],"predecessor-version":[{"id":1607,"href":"https:\/\/optimiadigital.com\/es\/wp-json\/wp\/v2\/pages\/183\/revisions\/1607"}],"wp:attachment":[{"href":"https:\/\/optimiadigital.com\/es\/wp-json\/wp\/v2\/media?parent=183"}],"curies":[{"name":"wp","href":"https:\/\/api.w.org\/{rel}","templated":true}]}}